{"id":53,"date":"2023-02-20T19:39:18","date_gmt":"2023-02-20T18:39:18","guid":{"rendered":"https:\/\/niten-dojo.fr\/?page_id=53"},"modified":"2023-08-20T22:51:04","modified_gmt":"2023-08-20T20:51:04","slug":"liens","status":"publish","type":"page","link":"https:\/\/niten-dojo.fr\/?page_id=53","title":{"rendered":"Liens"},"content":{"rendered":"\n<div class=\"wp-block-media-text alignwide is-stacked-on-mobile\" style=\"grid-template-columns:23% auto\"><figure class=\"wp-block-media-text__media\"><img loading=\"lazy\" decoding=\"async\" width=\"550\" height=\"72\" src=\"https:\/\/niten-dojo.fr\/wp-content\/uploads\/2023\/08\/france-kendo-beu-1.png\" alt=\"\" class=\"wp-image-171 size-full\" srcset=\"https:\/\/niten-dojo.fr\/wp-content\/uploads\/2023\/08\/france-kendo-beu-1.png 550w, https:\/\/niten-dojo.fr\/wp-content\/uploads\/2023\/08\/france-kendo-beu-1-300x39.png 300w\" sizes=\"auto, (max-width: 550px) 100vw, 550px\" \/><\/figure><div class=\"wp-block-media-text__content\">\n<p><\/p>\n\n\n\n<p>Le site de <a href=\"https:\/\/cnkendo-dr.com\/\" data-type=\"link\" data-id=\"https:\/\/cnkendo-dr.com\/\">France Kendo<\/a> <\/p>\n\n\n\n<hr class=\"wp-block-separator has-alpha-channel-opacity is-style-wide\"\/>\n<\/div><\/div>\n\n\n\n<div class=\"wp-block-media-text alignwide is-stacked-on-mobile\" style=\"grid-template-columns:15% auto\"><figure class=\"wp-block-media-text__media\"><img loading=\"lazy\" decoding=\"async\" width=\"63\" height=\"61\" src=\"https:\/\/niten-dojo.fr\/wp-content\/uploads\/2023\/08\/alljapan.png\" alt=\"\" class=\"wp-image-168 size-full\"\/><\/figure><div class=\"wp-block-media-text__content\">\n<p><a href=\"https:\/\/zennihonbudogu.com\/kendo\/\">AllJapanBugodu<\/a> : Fournisseur de mat\u00e9riel situ\u00e9 a Kumamoto (Japon) mat\u00e9riel avec un tr\u00e8s bon rapport qualit\u00e9\/prix<\/p>\n<\/div><\/div>\n\n\n\n<div class=\"wp-block-media-text alignwide is-stacked-on-mobile\" style=\"grid-template-columns:15% auto\"><figure class=\"wp-block-media-text__media\"><img loading=\"lazy\" decoding=\"async\" width=\"158\" height=\"158\" src=\"https:\/\/niten-dojo.fr\/wp-content\/uploads\/2023\/08\/eurokendo.png\" alt=\"\" class=\"wp-image-165 size-full\" srcset=\"https:\/\/niten-dojo.fr\/wp-content\/uploads\/2023\/08\/eurokendo.png 158w, https:\/\/niten-dojo.fr\/wp-content\/uploads\/2023\/08\/eurokendo-150x150.png 150w\" sizes=\"auto, (max-width: 158px) 100vw, 158px\" \/><\/figure><div class=\"wp-block-media-text__content\">\n<p><a href=\"https:\/\/www.eurokendo.com\/index.php?route=common\/home\">EuroKendo <\/a><\/p>\n<\/div><\/div>\n\n\n\n<div class=\"wp-block-media-text alignwide is-stacked-on-mobile\" style=\"grid-template-columns:15% auto\"><figure class=\"wp-block-media-text__media\"><img loading=\"lazy\" decoding=\"async\" width=\"190\" height=\"190\" src=\"https:\/\/niten-dojo.fr\/wp-content\/uploads\/2023\/08\/ebugo.webp\" alt=\"\" class=\"wp-image-166 size-full\" srcset=\"https:\/\/niten-dojo.fr\/wp-content\/uploads\/2023\/08\/ebugo.webp 190w, https:\/\/niten-dojo.fr\/wp-content\/uploads\/2023\/08\/ebugo-150x150.webp 150w\" sizes=\"auto, (max-width: 190px) 100vw, 190px\" \/><\/figure><div class=\"wp-block-media-text__content\">\n<p><a href=\"https:\/\/www.e-bogu.com\/default.asp\">e-bogu<\/a><\/p>\n<\/div><\/div>\n\n\n\n<div class=\"wp-block-media-text alignwide is-stacked-on-mobile\" style=\"grid-template-columns:16% auto\"><figure class=\"wp-block-media-text__media\"><img loading=\"lazy\" decoding=\"async\" width=\"125\" height=\"125\" src=\"https:\/\/niten-dojo.fr\/wp-content\/uploads\/2023\/08\/tozando.png\" alt=\"\" class=\"wp-image-167 size-full\"\/><\/figure><div class=\"wp-block-media-text__content\">\n<p><a href=\"https:\/\/tozandoshop.com\/en-fr\/collections\/kendo\">Tozando<\/a><\/p>\n<\/div><\/div>\n","protected":false},"excerpt":{"rendered":"<p>AllJapanBugodu : Fournisseur de mat\u00e9riel situ\u00e9 a Kumamoto (Japon) mat\u00e9riel avec un tr\u00e8s bon rapport qualit\u00e9\/prix EuroKendo e-bogu Tozando<\/p>\n","protected":false},"author":1,"featured_media":0,"parent":0,"menu_order":0,"comment_status":"closed","ping_status":"closed","template":"","meta":{"iawp_total_views":168,"footnotes":""},"class_list":["post-53","page","type-page","status-publish","hentry"],"_links":{"self":[{"href":"https:\/\/niten-dojo.fr\/index.php?rest_route=\/wp\/v2\/pages\/53","targetHints":{"allow":["GET"]}}],"collection":[{"href":"https:\/\/niten-dojo.fr\/index.php?rest_route=\/wp\/v2\/pages"}],"about":[{"href":"https:\/\/niten-dojo.fr\/index.php?rest_route=\/wp\/v2\/types\/page"}],"author":[{"embeddable":true,"href":"https:\/\/niten-dojo.fr\/index.php?rest_route=\/wp\/v2\/users\/1"}],"replies":[{"embeddable":true,"href":"https:\/\/niten-dojo.fr\/index.php?rest_route=%2Fwp%2Fv2%2Fcomments&post=53"}],"version-history":[{"count":4,"href":"https:\/\/niten-dojo.fr\/index.php?rest_route=\/wp\/v2\/pages\/53\/revisions"}],"predecessor-version":[{"id":172,"href":"https:\/\/niten-dojo.fr\/index.php?rest_route=\/wp\/v2\/pages\/53\/revisions\/172"}],"wp:attachment":[{"href":"https:\/\/niten-dojo.fr\/index.php?rest_route=%2Fwp%2Fv2%2Fmedia&parent=53"}],"curies":[{"name":"wp","href":"https:\/\/api.w.org\/{rel}","templated":true}]}}