{"id":25,"date":"2023-02-20T19:10:23","date_gmt":"2023-02-20T18:10:23","guid":{"rendered":"https:\/\/niten-dojo.fr\/?page_id=25"},"modified":"2024-09-02T22:36:40","modified_gmt":"2024-09-02T20:36:40","slug":"enseignants","status":"publish","type":"page","link":"https:\/\/niten-dojo.fr\/?page_id=25","title":{"rendered":"Enseignants"},"content":{"rendered":"<div class=\"wp-block-image\">\n<figure class=\"aligncenter size-full\"><img loading=\"lazy\" decoding=\"async\" width=\"155\" height=\"254\" src=\"https:\/\/niten-dojo.fr\/wp-content\/uploads\/2023\/02\/avatar-CT.jpg\" alt=\"\" class=\"wp-image-84\"\/><\/figure>\n<\/div>\n\n\n<p class=\"has-text-align-center\"><strong>Coralie TEXIER<\/strong><br>5<sup>\u00e8me<\/sup>&nbsp;dan de Kendo<br>Ancienne titulaire de l&rsquo;\u00e9quipe<br>de France championne d&rsquo;Europe<br>D\u00e9tenteur du CFEB Kendo depuis 2002<br><a href=\"mailto:coralie.texier@niten-dojo.fr\">coralie.texier@niten-dojo.fr<\/a><br>Cours Enfants<\/p>\n\n\n<div class=\"wp-block-image\">\n<figure class=\"aligncenter size-large is-resized\"><img loading=\"lazy\" decoding=\"async\" width=\"576\" height=\"1024\" src=\"https:\/\/niten-dojo.fr\/wp-content\/uploads\/2023\/08\/photo_julien-576x1024.jpg\" alt=\"\" class=\"wp-image-173\" style=\"width:157px;height:279px\" srcset=\"https:\/\/niten-dojo.fr\/wp-content\/uploads\/2023\/08\/photo_julien-576x1024.jpg 576w, https:\/\/niten-dojo.fr\/wp-content\/uploads\/2023\/08\/photo_julien-169x300.jpg 169w, https:\/\/niten-dojo.fr\/wp-content\/uploads\/2023\/08\/photo_julien-768x1365.jpg 768w, https:\/\/niten-dojo.fr\/wp-content\/uploads\/2023\/08\/photo_julien-864x1536.jpg 864w, https:\/\/niten-dojo.fr\/wp-content\/uploads\/2023\/08\/photo_julien.jpg 1080w\" sizes=\"auto, (max-width: 576px) 100vw, 576px\" \/><\/figure>\n<\/div>\n\n\n<p class=\"has-text-align-center\"><strong>Julien Goullon<br><\/strong>6<sup>\u00e8me<\/sup>\u00a0dan de Kendo<br>6<sup>\u00e8me<\/sup>\u00a0dan Heido (Nito Ryu)<br>Ancien membre des \u00e9quipes de France<br>Membre du Musashia Kai (Japon)<br>D\u00e9tenteur du CFEB Kendo depuis 2010<br><a href=\"mailto:julien.goullon@niten-dojo.fr\">julien.goullon@niten-dojo.fr<\/a><br>Cours Adultes et enfants<\/p>\n\n\n\n<p class=\"has-text-align-center\"><strong>Adrien DREVET<\/strong><br>4<sup>\u00e8me<\/sup>&nbsp;dan de Kendo<br>D\u00e9tenteur du CFEB Kendo depuis 2019<br>Cours Adultes<\/p>\n\n\n\n<p class=\"has-text-align-center\"><strong>Julien HAESINGER<\/strong><br>3<sup>\u00e8me<\/sup>&nbsp;dan de Kendo<br>D\u00e9tenteur du CFEB Kendo depuis 2019<br>Cours Adultes<\/p>\n","protected":false},"excerpt":{"rendered":"<p>Coralie TEXIER5\u00e8me&nbsp;dan de KendoAncienne titulaire de l&rsquo;\u00e9quipede France championne d&rsquo;EuropeD\u00e9tenteur du CFEB Kendo depuis 2002coralie.texier@niten-dojo.frCours Enfants Julien Goullon6\u00e8me\u00a0dan de Kendo6\u00e8me\u00a0dan Heido (Nito Ryu)Ancien membre des \u00e9quipes de FranceMembre du Musashia Kai (Japon)D\u00e9tenteur du CFEB Kendo depuis 2010julien.goullon@niten-dojo.frCours Adultes et enfants <a class=\"more-link\" href=\"https:\/\/niten-dojo.fr\/?page_id=25\">Continuer la lecture <span class=\"screen-reader-text\">  Enseignants<\/span><span class=\"meta-nav\">&rarr;<\/span><\/a><\/p>\n","protected":false},"author":1,"featured_media":0,"parent":0,"menu_order":0,"comment_status":"closed","ping_status":"closed","template":"","meta":{"iawp_total_views":306,"footnotes":""},"class_list":["post-25","page","type-page","status-publish","hentry"],"_links":{"self":[{"href":"https:\/\/niten-dojo.fr\/index.php?rest_route=\/wp\/v2\/pages\/25","targetHints":{"allow":["GET"]}}],"collection":[{"href":"https:\/\/niten-dojo.fr\/index.php?rest_route=\/wp\/v2\/pages"}],"about":[{"href":"https:\/\/niten-dojo.fr\/index.php?rest_route=\/wp\/v2\/types\/page"}],"author":[{"embeddable":true,"href":"https:\/\/niten-dojo.fr\/index.php?rest_route=\/wp\/v2\/users\/1"}],"replies":[{"embeddable":true,"href":"https:\/\/niten-dojo.fr\/index.php?rest_route=%2Fwp%2Fv2%2Fcomments&post=25"}],"version-history":[{"count":9,"href":"https:\/\/niten-dojo.fr\/index.php?rest_route=\/wp\/v2\/pages\/25\/revisions"}],"predecessor-version":[{"id":204,"href":"https:\/\/niten-dojo.fr\/index.php?rest_route=\/wp\/v2\/pages\/25\/revisions\/204"}],"wp:attachment":[{"href":"https:\/\/niten-dojo.fr\/index.php?rest_route=%2Fwp%2Fv2%2Fmedia&parent=25"}],"curies":[{"name":"wp","href":"https:\/\/api.w.org\/{rel}","templated":true}]}}