{"id":22,"date":"2023-02-20T19:10:23","date_gmt":"2023-02-20T18:10:23","guid":{"rendered":"https:\/\/niten-dojo.fr\/?page_id=22"},"modified":"2023-08-20T13:01:13","modified_gmt":"2023-08-20T11:01:13","slug":"le-club","status":"publish","type":"page","link":"https:\/\/niten-dojo.fr\/?page_id=22","title":{"rendered":"Le Club"},"content":{"rendered":"<div class=\"wp-block-image\">\n<figure class=\"aligncenter size-thumbnail\"><img loading=\"lazy\" decoding=\"async\" width=\"150\" height=\"150\" src=\"https:\/\/niten-dojo.fr\/wp-content\/uploads\/2022\/09\/cropped-NITEN_logo_web-150x150.png\" alt=\"\" class=\"wp-image-11\"\/><\/figure>\n<\/div>\n\n\n<h2 class=\"wp-block-heading\">Historique<\/h2>\n\n\n\n<p>Le&nbsp;<strong>Niten&nbsp;<\/strong>est cr\u00e9\u00e9 en 2010 par un groupe de pratiquants et n\u00e9anmoins amis, leur volont\u00e9 de d\u00e9velopper le Kendo les motive \u00e0 cr\u00e9er une association 1901 qui deviendra le Niten en septembre 2010.<\/p>\n\n\n\n<h2 class=\"wp-block-heading\">Pourquoi Niten (\u4e8c\u5929) ?<\/h2>\n\n\n<div class=\"wp-block-image\">\n<figure class=\"aligncenter is-resized\"><img loading=\"lazy\" decoding=\"async\" src=\"https:\/\/web.archive.org\/web\/20211201024452im_\/http:\/\/www.niten-dojo.fr\/images\/niten\/musashi2.jpg\" alt=\"musashi2\" style=\"width:116px;height:200px\" width=\"116\" height=\"200\"\/><\/figure>\n<\/div>\n\n\n<p>Les motivations sont multiples, la forte symbolique (lit\u00e9ralement niten = \u00ab\u00a0deux ciels\u00a0\u00bb) des deux ciels, la symbolique historique de Miyamoto Musashi qui signait toutes ses \u0153uvres de son nom d&rsquo;artiste : Niten, et enfin le rapport au style \u00e0 deux sabres&nbsp;: nito-ryu.<\/p>\n\n\n\n<h2 class=\"wp-block-heading\">Notre motivation&nbsp;:<\/h2>\n\n\n\n<p>Tous les enseignants du Niten ne sont motiv\u00e9s que par leur passion pour le Kendo et sont enti\u00e8rement b\u00e9n\u00e9voles. C&rsquo;est cette passion qui nous a permis de cr\u00e9er le Niten et de continuer \u00e0 progresser sur cette voix.<br><\/p>\n\n\n\n<h2 class=\"wp-block-heading\">Nito-ryu (\u4e8c\u5200\u6d41), un style a deux sabres&nbsp;:<\/h2>\n\n\n\n<p>Le Niten \u00e0 la particularit\u00e9 de proposer et de promouvoir la pratique du style \u00e0 deux sabres (Nito-ryu). Ce style ne peut \u00eatre \u00e9tudi\u00e9 qu&rsquo;\u00e0 partir d&rsquo;un certain niveau de pratique, mais permet de d\u00e9velopper certain aspect de la pratique \u00e0 un sabre (et inversement la pratique a un sabre permet d&rsquo;am\u00e9liorer celle \u00e0 deux).<br><\/p>\n\n\n\n<h2 class=\"wp-block-heading\">Le dojo<\/h2>\n\n\n\n<p>Comme tous les dojos, le Niten \u00e0 ses r\u00e8gles et son propre fonctionnement.<\/p>\n\n\n\n<ul class=\"wp-block-list\">\n<li><strong>Le seiza&nbsp;(\u6b63\u5ea7)<\/strong><\/li>\n<\/ul>\n\n\n\n<p>Les pratiquants doivent s&rsquo;aligner en face du kamisa (ou se trouve les enseignants), chaque ligne de devant pas faire plus de 15 personnes pour des raisons de conforts. les pratiquants s&rsquo;ordonneront par grade et par anciennet\u00e9 au sein du dojo, les invit\u00e9s d???autre dojo s\u2019int\u00e8grent avec tout le monde.<\/p>\n\n\n\n<p>Au commandement du sempai tout le monde prend la position de seiza (ou \u00ab&nbsp;anza&nbsp;\u00bb position en tailleur) simultan\u00e9ment, le seiza se fait sur la partie parquet de la salle.<\/p>\n\n\n\n<ul class=\"wp-block-list\">\n<li><strong>L&rsquo;armure de kendo (kendogu,&nbsp;\u5263\u9053\u5177)<\/strong><\/li>\n<\/ul>\n\n\n\n<p>Chaque pratiquant est responsable de son mat\u00e9riel et doit veiller \u00e0 ce que son armure soit pr\u00eate \u00e0 l&#8217;emploi avant le d\u00e9but du cours.<br>Lors du salut, le men est port\u00e9 dans la main droite, les kotes \u00e0 l&rsquo;int\u00e9rieur (les poings des gants \u00e0 l&rsquo;int\u00e9rieur du casque), lors du transport de l&rsquo;armure, on \u00e9vitera de laisser trainer les diff\u00e9rents cordons (himo)&nbsp;<\/p>\n\n\n\n<ul class=\"wp-block-list\">\n<li><strong>Le mokuso (&nbsp;\u9ed9\u60f3)<\/strong><\/li>\n<\/ul>\n\n\n\n<p>Le mokuso est dirig\u00e9 par le sempai en d\u00e9but et en fin de cours. En fonction des sempais les commandements peuvent varier, mais voici les principaux&nbsp;:<\/p>\n\n\n\n<p><strong>&#8211;&nbsp;<em>Shisei o tadashite<\/em>&nbsp;(\u59ff\u52e2\u3092\u6b63\u3057\u3066) :<\/strong>&nbsp;\u00ab\u00a0corrigez votre posture\u00a0\u00bb, \u00ab\u00a0adoptez une posture correcte\u00a0\u00bb, il est important d&rsquo;avoir une posture correcte durant le seiza et le mokuso.<\/p>\n\n\n\n<p><strong>&#8211;&nbsp;<em>Kokyu o tadashite<\/em>&nbsp;(\u547c\u5438\u3092\u6b63\u3057\u3066)&nbsp;:&nbsp;<\/strong>\u00ab\u00a0corrigez votre respiration\u00a0\u00bb, reprenez votre calme, travailler sur votre respiration et votre souffle<\/p>\n\n\n\n<p><strong>&#8211;&nbsp;<em>Kokoro o tadashite<\/em>&nbsp;(\u5fc3\u3092\u6b63\u3057\u3066)&nbsp;:&nbsp;<\/strong>\u00ab\u00a0corriger votre c\u0153ur\u00a0\u00bb,&nbsp;<em>kokoro<\/em>&nbsp;est un terme difficile \u00e0 traduire.<\/p>\n\n\n\n<p><strong>&#8211;&nbsp;<em>Ki o tsukete<\/em>&nbsp;(\u6c17\u3092\u6b63\u3057\u3066)&nbsp;:&nbsp;<\/strong>\u00ab\u00a0faite attention \u00e0 vous\u00a0\u00bb, expression difficile \u00e0 traduire, il s&rsquo;agit de s&rsquo;\u00e9couter et de corriger son attitude, de \u00ab\u00a0prendre soin\u00a0\u00bb de soi.<\/p>\n\n\n\n<h2 class=\"wp-block-heading\">Le Bureau et le Comit\u00e9 Directeur<\/h2>\n\n\n\n<p>Le bureau du Niten est constitu\u00e9 de : <\/p>\n\n\n\n<ul class=\"wp-block-list\">\n<li>Julien GOULLON<strong>&nbsp;<\/strong>: Pr\u00e9sident<\/li>\n\n\n\n<li>Erwan DESRUELS : Tr\u00e9sorier<\/li>\n\n\n\n<li>Nathalie CHIN et Micka\u00ebl RENAUD : Secr\u00e9taires<\/li>\n<\/ul>\n\n\n\n<p>Le comit\u00e9 directeur est constitu\u00e9 de :<\/p>\n\n\n\n<ul class=\"wp-block-list\">\n<li>Julien GOULLON (Pr\u00e9sident)<\/li>\n\n\n\n<li>Erwan DESRUELS (Tr\u00e9sorier)<\/li>\n\n\n\n<li>Micka\u00ebl RENAUD (Secr\u00e9taire)<\/li>\n\n\n\n<li>Nathalie CHIN (Secr\u00e9taire)<\/li>\n\n\n\n<li>Julien GOULLON (Directeur technique)<\/li>\n\n\n\n<li>Coralie TEXIER (Enseignante)<\/li>\n\n\n\n<li>Adrien DREVET (Enseignant)<\/li>\n<\/ul>\n\n\n\n<p>Le comit\u00e9 directeur est responsable de la bonne marche de l\u2019association et est enti\u00e8rement b\u00e9n\u00e9vole. Il est compos\u00e9 de licenci\u00e9s du Niten de plus de 16 ans (les jeunes de 16 \u00e0 18 ans peuvent \u00eatre \u00e9lus aux instances dirigeantes de l\u2019association mais ne peuvent exercer les fonctions de pr\u00e9sident, tr\u00e9sorier ou secr\u00e9taire).<\/p>\n\n\n\n<p>L\u2019enseignement est assur\u00e9 par :<\/p>\n\n\n\n<ul class=\"wp-block-list\">\n<li>Julien GOULLON (Enseignant principal \u2013 6<sup>\u00e8me<\/sup> dan de Kendo, ancien membre des \u00e9quipes de France)<\/li>\n\n\n\n<li>Adrien DEVRET (Cours adultes \u2013 4\u00e8me dan de Kendo)<\/li>\n\n\n\n<li>Julien HAESINGER (Cours adultes \u2013 3\u00e8me dan de Kendo)<\/li>\n\n\n\n<li>Coralie TEXIER (Cours enfants &amp; adultes \u2013 5<sup>\u00e8me<\/sup> dan de Kendo, ancienne titulaire de l\u2019\u00e9quipe de France)<\/li>\n<\/ul>\n\n\n\n<p>Tous les enseignants sont dipl\u00f4m\u00e9s du CFEB (Certificat F\u00e9d\u00e9ral d\u2019Enseignement B\u00e9n\u00e9vole) ou \u00e9quivalent et ont une longue exp\u00e9rience de l\u2019enseignement.<\/p>\n\n\n\n<h2 class=\"wp-block-heading\">Le mot du pr\u00e9sident (<em>Jer\u00f4me Ritter 1972-2012<\/em>)<\/h2>\n\n\n\n<p>Le Kendo\u202f; litt\u00e9ralement&nbsp;: voie du sabre\u202f; est en premier lieu un chemin personnel. Il y a autant de chemins que de gens qui le pratiquent, chacun ayant sa propre fa\u00e7on de le vivre et sa propre conscience de la pratique.<\/p>\n\n\n\n<p>Le premier enseignement du kendo serait d&rsquo;ordre physique, car cela demande d&rsquo;accepter de se d\u00e9passer et de rencontrer une certaine souffrance physique dans cela. Cette voie est et reste un art martial. Un autre aspect important du Kendo et tout particuli\u00e8rement du Kendo Fran\u00e7ais est le partage. Il s&rsquo;agit d&rsquo;une communaut\u00e9 tr\u00e8s active et qui aime \u00e0 se rencontrer au fil des comp\u00e9titions officielles, amicales et stages divers. Cela constitue un groupe\u202f; une sorte de famille ou entraide et solidarit\u00e9 ne sont pas de vains mots.<\/p>\n\n\n\n<p>Mais revenons au sens physique de la pratique du Kendo. Une pratique dans une optique de progression va se baser sur deux entrainements par semaine. Ce qui va permettre d&rsquo;installer et d&rsquo;affirmer de bonnes bases de travail pour une progression efficace, r\u00e9guli\u00e8re et r\u00e9tributive. Cette pratique va permettre un d\u00e9veloppement et un renforcement musculaire pour permettre la manipulation du shinai (repr\u00e9sentation non l\u00e9tale du sabre pour les combats en armure) et les actions et r\u00e9actions n\u00e9cessaires au combat. Suivant la progression de l&rsquo;\u00e9l\u00e8ve, il pourra commencer \u00e0 porter l&rsquo;armure au bout de quelques mois de pratique et d\u00e9couvrir ainsi les bases de la pratique de cet art martial.<\/p>\n\n\n\n<p>Il est cependant int\u00e9ressant de noter que m\u00eame si la force physique est utile dans un premier temps, elle n&rsquo;est pas un but en soi, car seules l&rsquo;exp\u00e9rience, l&rsquo;intuition, le \u00ab\u00a0timing\u00a0\u00bb et la qualit\u00e9 de travail permettent de continuer dans des ages avanc\u00e9s\u202f; puisque qu&rsquo;ils n&rsquo;est pas rare d&rsquo;avoir des pratiquants au-del\u00e0 de 70 ans.<\/p>\n\n\n\n<p>Un des apports certains du Kendo dans la vie de tous les jours est la capacit\u00e9 d\u00e9cisionnelle et l&rsquo;engagement qui s&rsquo;ensuit. Prendre une d\u00e9cision puis s&rsquo;engager dans cette voie et la vivre pleinement est un des aspects fondamentaux du Kendo et de sa pratique. C&rsquo;est ce qui est appel\u00e9 Sutemi (l&rsquo;esprit de sacrifice) l&rsquo;engagement quand il est pris est consid\u00e9r\u00e9 comme le dernier et fait quoi qu&rsquo;il arrive. Un autre apport est la \u00ab\u00a0rencontre de soi\u00a0\u00bb \u00e0 travers cet \u00e9change avec le partenaire. Cette pratique permet de vivre et de d\u00e9couvrir un certain nombre de peurs, limitations et autres blocages qui ne sont pas forc\u00e9ment mis en avant \u00e0 travers le quotidien de chacun.<\/p>\n\n\n\n<p>Tout ceci mis bouts \u00e0 bouts fait que le Kendo est non seulement une pratique sportive intense, mais aussi une voie spirituelle de rencontre de soi.<\/p>\n","protected":false},"excerpt":{"rendered":"<p>Historique Le&nbsp;Niten&nbsp;est cr\u00e9\u00e9 en 2010 par un groupe de pratiquants et n\u00e9anmoins amis, leur volont\u00e9 de d\u00e9velopper le Kendo les motive \u00e0 cr\u00e9er une association 1901 qui deviendra le Niten en septembre 2010. Pourquoi Niten (\u4e8c\u5929) ? Les motivations sont <a class=\"more-link\" href=\"https:\/\/niten-dojo.fr\/?page_id=22\">Continuer la lecture <span class=\"screen-reader-text\">  Le Club<\/span><span class=\"meta-nav\">&rarr;<\/span><\/a><\/p>\n","protected":false},"author":1,"featured_media":0,"parent":0,"menu_order":0,"comment_status":"closed","ping_status":"closed","template":"","meta":{"iawp_total_views":950,"footnotes":""},"class_list":["post-22","page","type-page","status-publish","hentry"],"_links":{"self":[{"href":"https:\/\/niten-dojo.fr\/index.php?rest_route=\/wp\/v2\/pages\/22","targetHints":{"allow":["GET"]}}],"collection":[{"href":"https:\/\/niten-dojo.fr\/index.php?rest_route=\/wp\/v2\/pages"}],"about":[{"href":"https:\/\/niten-dojo.fr\/index.php?rest_route=\/wp\/v2\/types\/page"}],"author":[{"embeddable":true,"href":"https:\/\/niten-dojo.fr\/index.php?rest_route=\/wp\/v2\/users\/1"}],"replies":[{"embeddable":true,"href":"https:\/\/niten-dojo.fr\/index.php?rest_route=%2Fwp%2Fv2%2Fcomments&post=22"}],"version-history":[{"count":6,"href":"https:\/\/niten-dojo.fr\/index.php?rest_route=\/wp\/v2\/pages\/22\/revisions"}],"predecessor-version":[{"id":151,"href":"https:\/\/niten-dojo.fr\/index.php?rest_route=\/wp\/v2\/pages\/22\/revisions\/151"}],"wp:attachment":[{"href":"https:\/\/niten-dojo.fr\/index.php?rest_route=%2Fwp%2Fv2%2Fmedia&parent=22"}],"curies":[{"name":"wp","href":"https:\/\/api.w.org\/{rel}","templated":true}]}}