{"id":21,"date":"2023-02-20T19:10:23","date_gmt":"2023-02-20T18:10:23","guid":{"rendered":"https:\/\/niten-dojo.fr\/?page_id=21"},"modified":"2023-02-20T19:35:22","modified_gmt":"2023-02-20T18:35:22","slug":"palmares","status":"publish","type":"page","link":"https:\/\/niten-dojo.fr\/?page_id=21","title":{"rendered":"Palmar\u00e8s"},"content":{"rendered":"\n<h2 class=\"wp-block-heading\"><strong>2019<\/strong><\/h2>\n\n\n\n<p><strong>J-P. LEFORT<\/strong>&nbsp;&#8211; 3<sup>e<\/sup>&nbsp;en cat\u00e9gorie Honneur &#8211; Coupe de la Chouette 2019<\/p>\n\n\n\n<p><strong>L. CAILLIS<\/strong>&nbsp;&#8211; 3<sup>e<\/sup>&nbsp;en cat\u00e9gorie Coupe Technique &#8211; Open de l&rsquo;Oise 2019<\/p>\n\n\n\n<p><strong>M. JOUVE<\/strong>&nbsp;&#8211; Fighting Spirit en cat\u00e9gorie Coupe Technique &#8211; Open de l&rsquo;Oise 2019<\/p>\n\n\n\n<p><strong>J. BOURRE<\/strong>&nbsp;&#8211; 1<sup>er<\/sup>&nbsp;en cat\u00e9gorie Honneur &#8211;&nbsp;<strong>Champion de France Honneur 2019<\/strong><\/p>\n\n\n\n<p><strong>J. BOURRE<\/strong>&nbsp;&#8211; 3<sup>e<\/sup>&nbsp;en cat\u00e9gorie Junior &#8211;&nbsp;<strong>Championnats de France 2019<\/strong><\/p>\n\n\n\n<p><strong>J. BOURRE<\/strong>&nbsp;&#8211; 1<sup>er<\/sup>&nbsp;en cat\u00e9gorie Junior &#8211; Champion Interr\u00e9gional Ile-de-France 2019<\/p>\n\n\n\n<p><strong>J. BOURRE<\/strong>&nbsp;&#8211; 1<sup>er<\/sup>&nbsp;en cat\u00e9gorie Honneur &#8211; Champion Interr\u00e9gional Ile-de-France 2019<\/p>\n\n\n\n<h2 class=\"wp-block-heading\">&nbsp;<\/h2>\n\n\n\n<h2 class=\"wp-block-heading\"><strong>2018<\/strong><\/h2>\n\n\n\n<p><strong>J-P. LEFORT<\/strong>&nbsp;&#8211; 3<sup>e<\/sup>&nbsp;en cat\u00e9gorie Kyusha &#8211; Open de Picardie 2018<\/p>\n\n\n\n<p><strong>J. BOURRE, U. LEMONNIER, A. DREVET, S. DREYER, C. TEXIER, J. GOULLON<\/strong>&nbsp;&#8211; 1<sup>ers<\/sup>&nbsp;par \u00e9quipe &#8211;&nbsp;<strong>Champions&nbsp;de&nbsp;France&nbsp;Honneur&nbsp;2018<\/strong><\/p>\n\n\n\n<p>L.GUADARAMA &#8211; J.DUPUIS &#8211;<strong>&nbsp;U.LEMONNIER<\/strong>&nbsp;&#8211; 2<sup>es&nbsp;<\/sup>par \u00e9quipe &#8211; Coupe de Pessac 2018<\/p>\n\n\n\n<p>L.MICOUT &#8211; J.DUPUIS &#8211;<strong>&nbsp;U.LEMONNIER<\/strong>&nbsp;&#8211; 3<sup>es<\/sup>&nbsp;par \u00e9quipe &#8211; Sugo Cup (Malm\u00f6) 2018<\/p>\n\n\n\n<p><strong>JP. LEFORT<\/strong>&nbsp;&#8211; 1<sup>er<\/sup>&nbsp;en cat\u00e9gorie Kyusha &#8211; Open de l&rsquo;Oise 2018<\/p>\n\n\n\n<p><strong>C. TEXIER<\/strong>&nbsp;&#8211; 2<sup>e<\/sup>&nbsp;en cat\u00e9gorie Yudansha Femmes &#8211;&nbsp;Vice-Championne Interr\u00e9gionale Ile-de-France 2018<\/p>\n\n\n\n<p><strong>J. GOULLON<\/strong>&nbsp;&#8211; 3<sup>e<\/sup>&nbsp;en cat\u00e9gorie Excellence &#8211; Championnats Interr\u00e9gionaux Ile-de-France 2018<\/p>\n\n\n\n<p><strong>U. LEMONNIER, S. DREYER, R. GAESSLER, C. TEXIER, J. HAESINGER, A. DREVET, J. GOULLON<\/strong>&nbsp;&#8211; 3<sup>es<\/sup>&nbsp;par \u00e9quipe en cat\u00e9gorie Honneur &#8211; Championnats Interr\u00e9gionaux Ile-de-France 2018<\/p>\n\n\n\n<p><strong>C. TEXIER<\/strong>&nbsp;&#8211; 3<sup>e<\/sup>&nbsp;en cat\u00e9gorie Femmes 4<sup>e<\/sup>&nbsp;\u00e0 7<sup>e<\/sup>&nbsp;dan &#8211; Open de France 2018<\/p>\n\n\n\n<h2 class=\"wp-block-heading\">&nbsp;<\/h2>\n\n\n\n<h2 class=\"wp-block-heading\"><strong>2017<\/strong><\/h2>\n\n\n\n<p>K. ITO,&nbsp;<strong>J. GOULLON<\/strong>, J. BERTOUT &#8211; 1<sup>ers<\/sup>&nbsp;par \u00e9quipe &#8211; Open de Picardie 2017<\/p>\n\n\n\n<p>E. THIVOLLE,&nbsp;<strong>U. LEMONNIER<\/strong>, S. PLOQUIN, S. CHODKOWSKI,&nbsp;<strong>J. GOULLON<\/strong>&nbsp;&#8211; 3<sup>es<\/sup>&nbsp;par \u00e9quipe &#8211; Open de Prague (Toru Giga) 2017<\/p>\n\n\n\n<p>K. NAKABAYASHI, K. ITO, S. CHODKOWSKI, W. OLIVIER,<strong>&nbsp;J. GOULLON&nbsp;<\/strong>&#8211; 1<sup>ers<\/sup>&nbsp;par \u00e9quipe<strong>&nbsp;&#8211;&nbsp;<\/strong>Open d&rsquo;Amsterdam (Iijima cup) 2017<\/p>\n\n\n\n<p><strong>J. BOURRE, C. TEXIER, J. GOULLON<\/strong>&nbsp;&#8211; 3<sup>es<\/sup>&nbsp;par \u00e9quipe &#8211; Open du Val d&rsquo;Oise 2017<\/p>\n\n\n\n<p><strong>J. BOURRE<\/strong>&nbsp;&#8211; 1<sup>er<\/sup>&nbsp;en cat\u00e9gorie Cadets &#8211; Champion Interr\u00e9gional Ile-de-France 2017<\/p>\n\n\n\n<p><strong>U. LEMONNIER<\/strong>&nbsp;&#8211; 2<sup>e<\/sup>&nbsp;en cat\u00e9gorie Juniors &#8211; Vice-Champion Interr\u00e9gional Ile-de-France 2017<\/p>\n\n\n\n<p><strong>C. TEXIER<\/strong>&nbsp;&#8211; 2<sup>e<\/sup>&nbsp;en cat\u00e9gorie Yudansha Femmes &#8211; Vice-Championne Interr\u00e9gionale Ile-de-France 2017<\/p>\n\n\n\n<p><strong>R. GAESSLER<\/strong>,&nbsp;<strong>S. VRINAT<\/strong>,&nbsp;<strong>U. LEMONNIER<\/strong>,&nbsp;<strong>C. TEXIER<\/strong>,&nbsp;<strong>B. PERENNOU<\/strong>,&nbsp;<strong>J. GOULLON<\/strong>&nbsp;&#8211; 3<sup>es<\/sup>&nbsp;par \u00e9quipe &#8211; Championnat Interr\u00e9gional Ile-de-France 2017<\/p>\n\n\n\n<p><strong>C. TEXIER<\/strong>&nbsp;&#8211; Fighting Spirit de la comp\u00e9tition par \u00e9quipes &#8211; Championnat Interr\u00e9gional Ile-de-France 2017<\/p>\n\n\n\n<h2 class=\"wp-block-heading\">&nbsp;<\/h2>\n\n\n\n<h2 class=\"wp-block-heading\"><strong>2016<\/strong><\/h2>\n\n\n\n<p><strong>J. BOURRE<\/strong>&nbsp;&#8211; 1<sup>er<\/sup>&nbsp;en cat\u00e9gorie Juniors &#8211; Coupe de Meaux 2016<\/p>\n\n\n\n<p><strong>J. BOURRE<\/strong>, M. CARCAGNO, K. JOSSE &#8211; 2<sup>es<\/sup>&nbsp;par \u00e9quipe &#8211; Coupe de Meaux 2016<\/p>\n\n\n\n<p><strong>C. TEXIER<\/strong>&nbsp;&#8211; 1<sup>re<\/sup>&nbsp;en cat\u00e9gorie Femmes &#8211; Open de Picardie 2016<\/p>\n\n\n\n<p><strong>J. BOURRE<\/strong>&nbsp;&#8211; 1<sup>er<\/sup>&nbsp;en cat\u00e9gorie Jeunes &#8211; Open de Picardie 2016<\/p>\n\n\n\n<p><strong>J. GOULLON<\/strong>&nbsp;&#8211; 3<sup>e<\/sup>&nbsp;en cat\u00e9gorie Yudansha &#8211; Open de Picardie 2016<\/p>\n\n\n\n<p><strong>J. GOULLON<\/strong>, L. MICOUT, Q. SIPPEL &#8211; 3<sup>es<\/sup>&nbsp;par \u00e9quipe &#8211; Open de Picardie 2016<\/p>\n\n\n\n<p><strong>C. TEXIER<\/strong>, J. MICHAUD,&nbsp;<strong>J. BOURRE<\/strong>&nbsp;&#8211; Fighting Spirit par \u00e9quipe &#8211; Open de Picardie 2016<\/p>\n\n\n\n<p>E.THIVOLLE,&nbsp;<strong>J.GOULLON<\/strong>, S.CHODKOWSKI, A.PONS,&nbsp;<strong>C.TEXIER<\/strong>, J.BERTOUT &#8211; 1<sup>ers<\/sup>&nbsp;par \u00e9quipe &#8211; Belgrade Kendo Trophy 2016 (Serbie)<\/p>\n\n\n\n<p>E. THIVOLLE, S. CHODKOWSKI,&nbsp;<strong>J.GOULLON<\/strong>&nbsp;&#8211; 1<sup>ers<\/sup>&nbsp;par \u00e9quipe &#8211; Coupe de la Chouette 2016<\/p>\n\n\n\n<p><strong>C. TEXIER<\/strong>, K. MOUTARDE, M. VANDERBERG &#8211; 2<sup>es<\/sup>&nbsp;par \u00e9quipe &#8211; Coupe de la Chouette 2016<\/p>\n\n\n\n<p>E. THIVOLLE, S. CHODKOWSKI, L. DELANNE, S. PLOQUIN,&nbsp;<strong>J. GOULLON<\/strong>&nbsp;&#8211; 1<sup>ers<\/sup>&nbsp;par \u00e9quipes &#8211; Coupe des Alpes 2016<\/p>\n\n\n\n<p><strong>C. TEXIER<\/strong>, J. TOUTAIN, U. LEMONNIER, J. DUPUIS, C. XXXX &#8211; 3<sup>es<\/sup>&nbsp;par \u00e9quipe &#8211; Coupe des Alpes 2016<\/p>\n\n\n\n<p><strong>J. BOURRE<\/strong>&nbsp;&#8211; 1<sup>er<\/sup>&nbsp;en cat\u00e9gorie Jeunes &#8211; Open de l&rsquo;Oise 2016<\/p>\n\n\n\n<p><strong>J. GOULLON<\/strong>, S. CHODKOWSKI, AN. DI MEO &#8211; 1<sup>ers<\/sup>&nbsp;par \u00e9quipe &#8211; Open de France de Kendo 2016<\/p>\n\n\n\n<p><strong>M. BATHILY<\/strong>,<strong>&nbsp;S. VRINAT<\/strong>,<strong>&nbsp;C. TEXIER<\/strong>,<strong>&nbsp;R. GAESSLER<\/strong>,<strong>&nbsp;J. GOULLON<\/strong>&nbsp;&#8211; 3<sup>es<\/sup>&nbsp;par \u00e9quipe &#8211; Championnat Interr\u00e9gional Ile-de-France 2016<\/p>\n\n\n\n<p><strong>J. BOURRE<\/strong>&nbsp;&#8211; 2<sup>e<\/sup>&nbsp;en cat\u00e9gorie Cadets &#8211; Vice-Champion Interr\u00e9gional Ile-de-France 2016<\/p>\n\n\n\n<p><strong>C. TEXIER<\/strong>&nbsp;&#8211; 1<sup>re<\/sup>&nbsp;en cat\u00e9gorie Femmes &#8211; Championne Interr\u00e9gionale Ile-de-France 2016<\/p>\n\n\n\n<h2 class=\"wp-block-heading\">&nbsp;<\/h2>\n\n\n\n<h2 class=\"wp-block-heading\">&nbsp;<strong>2015<\/strong><\/h2>\n\n\n\n<p><strong>J.GOULLON<\/strong>&nbsp;&#8211; J.BERTOUT &#8211; K.NAKABAYASHI &#8211; 1<sup>ers<\/sup>&nbsp;par \u00e9quipes &#8211; Open de Picardie 2015<\/p>\n\n\n\n<p><strong>J.GOULLON<\/strong>&nbsp;&#8211; 1<sup>er<\/sup>&nbsp;cat\u00e9gorie Hommes &#8211; Open de Picardie 2015<\/p>\n\n\n\n<p><strong>J.BOURRE<\/strong>&nbsp;&#8211; 3<sup>e<\/sup>&nbsp;cat\u00e9gorie Minimes &#8211;&nbsp;Inter r\u00e9gion \u00efle de France<\/p>\n\n\n\n<p><strong>M.BATHILY, S. VRINAT, C. MINUTOLO, R.BRAHIMI, R.GAESSLER, J.GOULLON<\/strong>&nbsp;&#8211; 3<sup>es<\/sup>&nbsp;par \u00e9quipe &#8211;&nbsp;Inter r\u00e9gion \u00efle de France<\/p>\n\n\n\n<p><strong>J.BOURRE<\/strong>&nbsp;&#8211; Fighting Spirit cat\u00e9gorie Kyu &#8211; Open du Val d&rsquo;Oise 2015<\/p>\n\n\n\n<p><strong>M.BATHILY, R.GAESSLER, J.GOULLON<\/strong>&nbsp;&#8211; 3<sup>es<\/sup>&nbsp;par \u00e9quipe &#8211; Open de Seine et Marne 2015<\/p>\n\n\n\n<p>D.ANTONI, S.PLOQUIN,&nbsp;<strong>J.GOULLON<\/strong>,&nbsp;<strong>C.TEXIER<\/strong>, S.CHODKOSKI &#8211; 1<sup>ers<\/sup>&nbsp;par \u00e9quipe &#8211;&nbsp;Toru Giga Cup 2015 (Prague &#8211; R\u00e9publique tch\u00e8que)<\/p>\n\n\n\n<p><strong>2014<\/strong><\/p>\n\n\n\n<p><strong>J.BERTOUT- L.MICOUT &#8211; J.GOULLON &#8211; 2<sup>ds<\/sup>&nbsp;par Equipe &#8211; Kazan no bushi 2014<\/strong><\/p>\n\n\n\n<p><strong>S.NAKABAYASHI &#8211; K.NAKABAYASHI &#8211; J.GOULLON &#8211; 1<sup>ers<\/sup>&nbsp;par Equipe &#8211; Open de Picardie 2014<\/strong><\/p>\n\n\n\n<p><strong>J.BOURR\u00c9 &#8211; 2<sup>e<\/sup>&nbsp;Individuel Kyu &#8211; Open de Picardie 2014<\/strong><\/p>\n\n\n\n<p><strong>M.BATHILY &#8211; 3<sup>e<\/sup>&nbsp;Individuel Homme Honneur &#8211; Championnat de France Honneur<\/strong><\/p>\n\n\n\n<p><strong>M.BATHILY &#8211; 1<sup>er<\/sup>&nbsp;Individuel Homme Honneur &#8211; Championnat d&rsquo;\u00eele de France<\/strong><\/p>\n\n\n\n<p><strong>J.GOULLON &#8211; Fighting Spirit &#8211; Open de France 2014<\/strong><\/p>\n\n\n\n<p><strong>K.NAKABAYASHI, K.ITO, J.BERTOUT, J.GOULLON, A.RANCHON &#8211; 3<sup>es<\/sup>&nbsp; par Equipe &#8211; Open international d&rsquo;Amsterdam (Iijima cup, Amsterdam)<\/strong><\/p>\n\n\n\n<p><strong>2013<\/strong><\/p>\n\n\n\n<p><strong>J.GOULLON, J.BERTOUT,&nbsp;<\/strong>W.McCAHON &#8211; 2<sup>e<\/sup>&nbsp;Equipe &#8211; Kazan no Bushi (Clermont-Ferrand \/ France)<\/p>\n\n\n\n<p><strong>M.BATHILY, S.CHUNG, J.GOULLON, W.KARNADI, J.FITZGERALD &#8211; 2<sup>es<\/sup>&nbsp;par Equipe &#8211; Athens taikai 2013 (Ath\u00e8nes)<\/strong><\/p>\n\n\n\n<p><strong>A.HOMLKVIST &#8211; W.McCAHON &#8211; J.GOULLON &#8211; L.HOUNOU &#8211; A.DIEBOLD &#8211; 1<sup>ers<\/sup>&nbsp;par Equipe &#8211; London Cup 2013 (Londres)<\/strong><\/p>\n\n\n\n<p>Q.GRESSIEN &#8211; W.McCAHON &#8211; J.GOULLON &#8211; 1<sup>ers<\/sup>&nbsp;par Equipes &#8211; Open de l&rsquo;Oise 2013<\/p>\n\n\n\n<p>R.BRAHIMI &#8211; 3<sup>e<\/sup>&nbsp;Yudansha Homme- Open de l&rsquo;Oise 2013<\/p>\n\n\n\n<p>J.ABRIBAT &#8211; 3<sup>e<\/sup>&nbsp;Yudansha femme &#8211; Championnat d&rsquo;Ile de France<\/p>\n\n\n\n<p>M.BATHILY &#8211; 3<sup>e<\/sup>&nbsp;cat\u00e9gorie Honneur- Championnat d&rsquo;Ile de France<\/p>\n\n\n\n<p><strong>NITEN 1 (BATHILY, BOYOMO, MINUTOLO, GAESSLER, BRUGE, VRINAT, GOULLON) &#8211; 2<sup>es<\/sup>&nbsp;par \u00e9quipe Honneur- Championnat d&rsquo;Ile de France<\/strong><\/p>\n\n\n\n<p><strong>2012<\/strong><\/p>\n\n\n\n<p>V.ROHM &#8211; S.CHUNG &#8211; J.GOULLON &#8211; K.GHAVAMI &#8211; W.KARNADI &#8211;&nbsp; 3i\u00e8me \u00e9quipes &#8211; 3i\u00e8me Athens Taikai (Gr\u00e8ce)<\/p>\n\n\n\n<p>M.BATHILY -Fighting Spirit &#8211; Championnat de France Honneur par \u00e9quipe<\/p>\n\n\n\n<p>J.GOULLON &#8211; 1er S\u00e9niors Homme Yudansha &#8211; Open de L&rsquo;Oise<\/p>\n\n\n\n<p>J.ABRIBAT &#8211; 3i\u00e8me Espoir &#8211; Championnat d&rsquo;Ile de France<\/p>\n\n\n\n<p>M.BATHILY &#8211; 3i\u00e8me S\u00e9nior Homme Yudansha &#8211; Open de Picardie<\/p>\n\n\n\n<p><strong>2011<\/strong><\/p>\n\n\n\n<p><strong>&nbsp;S.WILKIN &#8211; J.GOULLON &#8211; Y.PARK &#8211; Y.Williams &#8211; M.WISE &#8211;&nbsp; 3i\u00e8me \u00e9quipes &#8211; 2i\u00e8me Athens Taikai (Gr\u00e8ce)<\/strong><\/p>\n\n\n\n<p>&nbsp;J.GOULLON &#8211; 3i\u00e8me \u00e9quipes &#8211; Coupe CRK 92<\/p>\n\n\n\n<p><strong>2010<\/strong><\/p>\n\n\n\n<p>C.MULTEAU 3i\u00e8me Seniors Homme Kyusha &#8211; Championnat d&rsquo;ile de france 2010<\/p>\n\n\n\n<p>K.BOYOMO &#8211; A.GOFFINET &#8211; R.GAESSLER &#8211; J.GOULLON &#8211; C.MINUTOLO &#8211;&nbsp; J.RITTER, fighting spirit Equipes &#8211; Championnat d&rsquo;ile de france 2010<\/p>\n\n\n\n<p>J.RITTER 2i\u00e8me Seniors Hommes Kyusha &#8211; 12i\u00e8me Open de seine et marne<\/p>\n\n\n\n<p>J.GOULLON 2i\u00e8me Seniors Hommes Yudansha &#8211; 12i\u00e8me Open de seine et marne<\/p>\n\n\n\n<p>T.PERNIN &#8211; M.SYLLA &#8211; J.GOULLON 2i\u00e8me Equipes &#8211; 12i\u00e8me Open de seine et marne<\/p>\n\n\n\n<p>J.GOULLON 1er Seniors Hommes Yudansha &#8211; 2i\u00e8me Open de l&rsquo;Oise<\/p>\n\n\n\n<p>J.RITTER 2i\u00e8me Seniors Hommes Kyusha &#8211; 2i\u00e8me Open de l&rsquo;Oise<\/p>\n\n\n\n<p>M.SYLLA &#8211; K.BOYOMO &#8211; J.GOULLON 2i\u00e8me Equipes &#8211;&nbsp; 2i\u00e8me Open de l&rsquo;Oise<\/p>\n\n\n\n<p><strong>J.GOULLON 2i\u00e8me Seniors Hommes Yudansha &#8211; 1er Athens Taikai (Gr\u00e8ce)<\/strong><\/p>\n\n\n\n<p><strong>J.GOULLON 3i\u00e8me Seniors Hommes Yudansha &#8211; Stockholm Kendo Open (Su\u00e8de)<\/strong><\/p>\n\n\n\n<p>M.BATHILY 1er Senior Kyu &#8211; 3i\u00e8me Open de Picardie (60)<strong>&nbsp;<\/strong><\/p>\n\n\n\n<p>J.GOULLON 2i\u00e8me Senior Yudansha &#8211; 3i\u00e8me Open de Picardie (60)<\/p>\n\n\n\n<p>M.SYLLA &#8211; Y.BERTHELOT &#8211; J.GOULLON 2i\u00e8me Equipes &#8211;&nbsp; 3i\u00e8me Open de Picardie (60)<\/p>\n\n\n\n<p><strong>2009<\/strong><\/p>\n\n\n\n<p>C MINUTOLO 3\u00e8me Seniors Hommes Kyusha Championnat d&rsquo;ile de france 2009<\/p>\n\n\n\n<p>J GOULLON 2\u00e8me Seniors Hommes Excelences, Championnat d&rsquo;ile de france 2009<\/p>\n\n\n\n<p>J.GOULLON 3eme Seniors Hommes, Open de Meaux<\/p>\n\n\n\n<p>Q.GRESSIEN &#8211; M.HAMANN &#8211; J.GOULLON 1er Equipes, Open de Meaux<\/p>\n\n\n\n<p>C.MULTEAU 3i\u00e8me Seniors Homme Kyusha &#8211; 11i\u00e8me Open de Seine et Marne<\/p>\n\n\n\n<p>F.CREPEL 3i\u00e8me Seniors Homme Kyusha &#8211; 11i\u00e8me Open de Seine et Marne<\/p>\n\n\n\n<p>R.GAESSLER Fighting spirit Seniors Homme Kyusha &#8211; 11i\u00e8me Open de Seine et Marne<\/p>\n\n\n\n<p>L.DUBOIS 3eme Espoir &#8211; 11i\u00e8me Open de Seine et Marne<\/p>\n\n\n\n<p>Q.GRESSIEN &#8211; M.HAMANN &#8211; J.GOULLON 2i\u00e8me Equipes &#8211; 11i\u00e8me Open de Seine et Marne<\/p>\n\n\n\n<p>J.GOULLON 2eme S\u00e9niors Hommes &#8211; 1er Open de l&rsquo;Oise<\/p>\n\n\n\n<p>D.ANDRIOT (SC) &#8211; J.GOULLON (K) &#8211; Q.GRESSIEN (K) &#8211; M.HAMANN (K) &#8211; B.PIRIOU (I) &#8211; 1er coupe de paris 2009<\/p>\n\n\n\n<p>J.GOULLON 2eme \u00e9quipes &#8211; Coupe CRK 92<\/p>\n\n\n\n<p>J.GOULLON 3eme &#8211; 2eme open de Picardie<\/p>\n\n\n\n<p><strong>2008<\/strong><\/p>\n\n\n\n<p>A GAMBLE 3\u00e8me Espoirs IDF<\/p>\n\n\n\n<p>A GAMBLE 1\u00e8re S\u00e9niors Femmes Kyusha 10 Open de Kendo de Seine et Marne<\/p>\n\n\n\n<p>J GOULLON 3\u00e8me S\u00e9niors Hommes Yudansha 10 Open de Kendo de Seine et Marne<\/p>\n\n\n\n<p>C MULTEAU 2\u00e8me S\u00e9niors Hommes Kyusha 10 Open de Seine et Marne<\/p>\n\n\n\n<p>F HOLZ 3\u00e8me S\u00e9niors Hommes Kyusha 10 Open de Seine et Marne<\/p>\n\n\n\n<p>J GOULLON &#8211; M KIROUANI 3\u00e8me \u00e9quipes 10 Open de Kendo de Seine et Marne<\/p>\n\n\n\n<p>J GOULLON 3\u00e8me individuel Championnat de france 2008<\/p>\n\n\n\n<p>O.CASTA (SC) &#8211; M.KIROUANI (K) &#8211; J.GOULLON (K) &#8211; Q.GRESSIEN (K) &#8211; P.PAGUEGUY (I) 1er coupe de Paris<\/p>\n\n\n\n<p>C MULTEAU 2\u00e8me S\u00e9niors Hommes Kyusha 1er Open de Picardie<\/p>\n\n\n\n<p>R.GAESSLER 3eme S\u00e9niors Hommes Kyusha 1er Open de Picardie<\/p>\n\n\n\n<p><strong>2007<\/strong><\/p>\n\n\n\n<p>J GOULLON &#8211; T JUBLOT&nbsp;&nbsp;&nbsp; 2\u00e8me Equipes&nbsp; &nbsp;9\u00e8me Open de Seine et Marne<\/p>\n\n\n\n<p><strong>2006<\/strong><\/p>\n\n\n\n<p>J GOULLON&nbsp; FS Honneur IDF<\/p>\n\n\n\n<p>A GAMBLE 3\u00e8me Espoirs 8\u00e8me Open de Seine et Marne<\/p>\n\n\n\n<p><strong>2004<\/strong><\/p>\n\n\n\n<p>J GOULLON 3\u00e8me Kyu 6-Open de Seine et&nbsp;Marne<\/p>\n\n\n\n<p>A GOFFINET &#8211; J GOULLON&nbsp; 1er Equipes Troph\u00e9e Christian L&rsquo;ABBE<\/p>\n\n\n\n<p><strong>2003<\/strong><\/p>\n\n\n\n<p>A GOFFINET&nbsp;&nbsp; 3\u00e8me Equipes&nbsp;&nbsp; Coupe de Paris Jeunes<\/p>\n\n\n\n<p><strong>2002<\/strong><\/p>\n\n\n\n<p>A GOFFINET&nbsp; FS&nbsp;&nbsp;&nbsp; 4-Open de Seine et Marne<\/p>\n\n\n\n<p><strong>2001<\/strong><\/p>\n\n\n\n<p>JC GUENAND&nbsp; 3\u00e8me par Equipes Honneurs&nbsp; &nbsp;3-Open de&nbsp;Seine et Marne (Noisiel)<\/p>\n\n\n\n<p>A GOFFINET&nbsp; 3\u00e8me Kyu juniors Coupe de Paris<\/p>\n\n\n\n<p>A GOFFINET 3\u00e8me juniors&nbsp; 3-Open de Seine et Marne (Noisiel)<\/p>\n\n\n\n<p><strong>2000<\/strong><\/p>\n\n\n\n<p>A GOFFINET &nbsp;3\u00e8me Cadets&nbsp;&nbsp;&nbsp; 2-Open de Seine et Marne<\/p>\n\n\n\n<p>8<strong>C<\/strong><\/p>\n","protected":false},"excerpt":{"rendered":"<p>2019 J-P. LEFORT&nbsp;&#8211; 3e&nbsp;en cat\u00e9gorie Honneur &#8211; Coupe de la Chouette 2019 L. CAILLIS&nbsp;&#8211; 3e&nbsp;en cat\u00e9gorie Coupe Technique &#8211; Open de l&rsquo;Oise 2019 M. JOUVE&nbsp;&#8211; Fighting Spirit en cat\u00e9gorie Coupe Technique &#8211; Open de l&rsquo;Oise 2019 J. BOURRE&nbsp;&#8211; 1er&nbsp;en cat\u00e9gorie <a class=\"more-link\" href=\"https:\/\/niten-dojo.fr\/?page_id=21\">Continuer la lecture <span class=\"screen-reader-text\">  Palmar\u00e8s<\/span><span class=\"meta-nav\">&rarr;<\/span><\/a><\/p>\n","protected":false},"author":1,"featured_media":0,"parent":0,"menu_order":0,"comment_status":"closed","ping_status":"closed","template":"","meta":{"iawp_total_views":296,"footnotes":""},"class_list":["post-21","page","type-page","status-publish","hentry"],"_links":{"self":[{"href":"https:\/\/niten-dojo.fr\/index.php?rest_route=\/wp\/v2\/pages\/21","targetHints":{"allow":["GET"]}}],"collection":[{"href":"https:\/\/niten-dojo.fr\/index.php?rest_route=\/wp\/v2\/pages"}],"about":[{"href":"https:\/\/niten-dojo.fr\/index.php?rest_route=\/wp\/v2\/types\/page"}],"author":[{"embeddable":true,"href":"https:\/\/niten-dojo.fr\/index.php?rest_route=\/wp\/v2\/users\/1"}],"replies":[{"embeddable":true,"href":"https:\/\/niten-dojo.fr\/index.php?rest_route=%2Fwp%2Fv2%2Fcomments&post=21"}],"version-history":[{"count":2,"href":"https:\/\/niten-dojo.fr\/index.php?rest_route=\/wp\/v2\/pages\/21\/revisions"}],"predecessor-version":[{"id":51,"href":"https:\/\/niten-dojo.fr\/index.php?rest_route=\/wp\/v2\/pages\/21\/revisions\/51"}],"wp:attachment":[{"href":"https:\/\/niten-dojo.fr\/index.php?rest_route=%2Fwp%2Fv2%2Fmedia&parent=21"}],"curies":[{"name":"wp","href":"https:\/\/api.w.org\/{rel}","templated":true}]}}