{"id":15,"date":"2023-02-20T19:41:47","date_gmt":"2023-02-20T18:41:47","guid":{"rendered":"https:\/\/niten-dojo.fr\/?page_id=15"},"modified":"2023-08-20T16:38:44","modified_gmt":"2023-08-20T14:38:44","slug":"politique-de-confidentialite-2","status":"publish","type":"page","link":"https:\/\/niten-dojo.fr\/?page_id=15","title":{"rendered":"Politique de confidentialit\u00e9"},"content":{"rendered":"\n<h2 class=\"wp-block-heading\" id=\"qui-sommes-nous\">Qui sommes-nous\u00a0?<\/h2>\n\n\n\n<p>Le\u00a0<strong>Niten\u00a0<\/strong>est cr\u00e9\u00e9 en 2010 par un groupe de pratiquants, leur volont\u00e9 de d\u00e9velopper le Kendo les motive \u00e0 cr\u00e9er une association 1901 qui deviendra le Niten en septembre 2010. Tous les enseignants du Niten ne sont motiv\u00e9s que par leur passion pour le Kendo et sont enti\u00e8rement b\u00e9n\u00e9voles. C\u2019est cette passion qui nous a permis de cr\u00e9er le Niten et de continuer \u00e0 progresser sur cette voix. <\/p>\n\n\n\n<p>Le bureau du Niten est constitu\u00e9 de :<\/p>\n\n\n\n<ul class=\"wp-block-list\">\n<li>Julien GOULLON<strong>&nbsp;<\/strong>: Pr\u00e9sident<\/li>\n\n\n\n<li>Erwan DESRUELS : Tr\u00e9sorier<\/li>\n\n\n\n<li>Nathalie CHIN et Micka\u00ebl RENAUD : Secr\u00e9taires<\/li>\n<\/ul>\n\n\n\n<p>Informations :<\/p>\n\n\n\n<ul class=\"wp-block-list\">\n<li>Nous contacter : contact@niten-dojo.fr<\/li>\n\n\n\n<li>Adresse du site https:\/\/niten-dojo.fr\/<\/li>\n<\/ul>\n\n\n\n<hr class=\"wp-block-separator has-alpha-channel-opacity\"\/>\n\n\n\n<h2 class=\"wp-block-heading\" id=\"commentaires\">Commentaires<\/h2>\n\n\n\n<p>Quand vous laissez un commentaire sur notre site, les donn\u00e9es inscrites dans le formulaire de commentaire, mais aussi votre adresse IP et l\u2019agent utilisateur de votre navigateur sont collect\u00e9s pour nous aider \u00e0 la d\u00e9tection des commentaires ind\u00e9sirables.<\/p>\n\n\n\n<hr class=\"wp-block-separator has-alpha-channel-opacity\"\/>\n\n\n\n<h2 class=\"wp-block-heading\" id=\"medias\">M\u00e9dias<\/h2>\n\n\n\n<p>Si vous t\u00e9l\u00e9versez des images sur le site, nous vous conseillons d\u2019\u00e9viter de t\u00e9l\u00e9verser des images contenant des donn\u00e9es EXIF de coordonn\u00e9es GPS. Les personnes visitant votre site peuvent t\u00e9l\u00e9charger et extraire des donn\u00e9es de localisation depuis ces images.<\/p>\n\n\n\n<p>Tous les contenus pr\u00e9sents sur ce site (images, logos, textes, vid\u00e9os) sont la propri\u00e9t\u00e9 exclusive, sauf mention contraire, du NITEN. Merci de ne pas les copier, reproduire ou redistribuer, sans une autorisation pr\u00e9alable.<\/p>\n\n\n\n<hr class=\"wp-block-separator has-alpha-channel-opacity\"\/>\n\n\n\n<h2 class=\"wp-block-heading\" id=\"formulaires\">Formulaires de contact<\/h2>\n\n\n\n<p>Les donn\u00e9es personnelles collect\u00e9es via le formulaire de contact, c&rsquo;est \u00e0 dire nom et pr\u00e9nom, saisis par l&rsquo;utilisateur et l&rsquo;adresse e-mail sont exclusivement destin\u00e9es \u00e0 la prise de contact.<\/p>\n\n\n\n<hr class=\"wp-block-separator has-alpha-channel-opacity\"\/>\n\n\n\n<h2 class=\"wp-block-heading\" id=\"cookies\">Cookies<\/h2>\n\n\n\n<hr class=\"wp-block-separator has-alpha-channel-opacity\"\/>\n\n\n\n<h2 class=\"wp-block-heading\" id=\"contenu-embarque-depuis-d-autres-sites\">Contenu embarqu\u00e9 depuis d\u2019autres sites<\/h2>\n\n\n\n<p>Les articles de ce site peuvent inclure des contenus int\u00e9gr\u00e9s (par exemple des vid\u00e9os, images, articles\u2026). Le contenu int\u00e9gr\u00e9 depuis d\u2019autres sites se comporte de la m\u00eame mani\u00e8re que si le visiteur se rendait sur cet autre site. Ces sites web pourraient collecter des donn\u00e9es sur vous, utiliser des cookies, embarquer des outils de suivis tiers, suivre vos interactions avec ces contenus embarqu\u00e9s si vous disposez d\u2019un compte connect\u00e9 sur leur site web.<\/p>\n\n\n\n<hr class=\"wp-block-separator has-alpha-channel-opacity\"\/>\n\n\n\n<h2 class=\"wp-block-heading\" id=\"utilisation-et-transmission-de-vos-donnees-personnelles\">Utilisation et transmission de vos donn\u00e9es personnelles<\/h2>\n\n\n\n<p>Les commentaires des visiteurs peuvent \u00eatre v\u00e9rifi\u00e9s \u00e0 l\u2019aide d\u2019un service automatis\u00e9 de d\u00e9tection des commentaires ind\u00e9sirables. De plus, aucune information personnelle n\u2019est collect\u00e9e \u00e0 l\u2019insu des utilisateurs du site, ni c\u00e9d\u00e9e \u00e0 des tiers, ni utilis\u00e9e \u00e0 des fins non pr\u00e9vues.<\/p>\n\n\n\n<hr class=\"wp-block-separator has-alpha-channel-opacity\"\/>\n\n\n\n<h2 class=\"wp-block-heading\" id=\"durees-de-stockage-de-vos-donnees\">Dur\u00e9es de stockage de vos donn\u00e9es<\/h2>\n\n\n\n<p>Si vous laissez un commentaire, le commentaire et ses m\u00e9tadonn\u00e9es sont conserv\u00e9s ind\u00e9finiment. Cela permet de reconna\u00eetre et approuver automatiquement les commentaires suivants au lieu de les laisser dans la file de mod\u00e9ration.<\/p>\n\n\n\n<hr class=\"wp-block-separator has-alpha-channel-opacity\"\/>\n\n\n\n<h2 class=\"wp-block-heading\" id=\"les-droits-que-vous-avez-sur-vos-donnees\">Les droits que vous avez sur vos donn\u00e9es<\/h2>\n\n\n\n<p>Si vous avez laiss\u00e9 des commentaires sur le site, vous pouvez demander \u00e0 recevoir un fichier contenant toutes les donn\u00e9es personnelles que nous poss\u00e9dons \u00e0 votre sujet, incluant celles que vous nous avez fournies. Vous pouvez \u00e9galement demander la suppression des donn\u00e9es personnelles vous concernant. Cela ne prend pas en compte les donn\u00e9es stock\u00e9es \u00e0 des fins administratives, l\u00e9gales ou pour des raisons de s\u00e9curit\u00e9.<\/p>\n","protected":false},"excerpt":{"rendered":"<p>Qui sommes-nous\u00a0? Le\u00a0Niten\u00a0est cr\u00e9\u00e9 en 2010 par un groupe de pratiquants, leur volont\u00e9 de d\u00e9velopper le Kendo les motive \u00e0 cr\u00e9er une association 1901 qui deviendra le Niten en septembre 2010. Tous les enseignants du Niten ne sont motiv\u00e9s que <a class=\"more-link\" href=\"https:\/\/niten-dojo.fr\/?page_id=15\">Continuer la lecture <span class=\"screen-reader-text\">  Politique de confidentialit\u00e9<\/span><span class=\"meta-nav\">&rarr;<\/span><\/a><\/p>\n","protected":false},"author":1,"featured_media":0,"parent":0,"menu_order":0,"comment_status":"closed","ping_status":"closed","template":"","meta":{"iawp_total_views":19,"footnotes":""},"class_list":["post-15","page","type-page","status-publish","hentry"],"_links":{"self":[{"href":"https:\/\/niten-dojo.fr\/index.php?rest_route=\/wp\/v2\/pages\/15","targetHints":{"allow":["GET"]}}],"collection":[{"href":"https:\/\/niten-dojo.fr\/index.php?rest_route=\/wp\/v2\/pages"}],"about":[{"href":"https:\/\/niten-dojo.fr\/index.php?rest_route=\/wp\/v2\/types\/page"}],"author":[{"embeddable":true,"href":"https:\/\/niten-dojo.fr\/index.php?rest_route=\/wp\/v2\/users\/1"}],"replies":[{"embeddable":true,"href":"https:\/\/niten-dojo.fr\/index.php?rest_route=%2Fwp%2Fv2%2Fcomments&post=15"}],"version-history":[{"count":4,"href":"https:\/\/niten-dojo.fr\/index.php?rest_route=\/wp\/v2\/pages\/15\/revisions"}],"predecessor-version":[{"id":158,"href":"https:\/\/niten-dojo.fr\/index.php?rest_route=\/wp\/v2\/pages\/15\/revisions\/158"}],"wp:attachment":[{"href":"https:\/\/niten-dojo.fr\/index.php?rest_route=%2Fwp%2Fv2%2Fmedia&parent=15"}],"curies":[{"name":"wp","href":"https:\/\/api.w.org\/{rel}","templated":true}]}}